{"id":547,"date":"2023-06-22T09:28:13","date_gmt":"2023-06-22T09:28:13","guid":{"rendered":"http:\/\/dlgstudiolive.wpenginepowered.com\/contact-us\/"},"modified":"2024-01-22T16:40:05","modified_gmt":"2024-01-22T16:40:05","slug":"contactez-nous","status":"publish","type":"page","link":"https:\/\/designlouisgeorgestudio.com\/fr\/contactez-nous\/","title":{"rendered":"Contactez-nous"},"content":{"rendered":"","protected":false},"excerpt":{"rendered":"","protected":false},"author":2,"featured_media":0,"parent":0,"menu_order":0,"comment_status":"closed","ping_status":"closed","template":"","meta":{"_acf_changed":false,"footnotes":""},"class_list":["post-547","page","type-page","status-publish","hentry"],"acf":[],"yoast_head":"<!-- This site is optimized with the Yoast SEO plugin v21.9 - https:\/\/yoast.com\/wordpress\/plugins\/seo\/ -->\n<title>Contactez-nous | Studio Design Louis George<\/title>\n<meta name=\"description\" content=\"Contactez le Studio Design Louis George. Solutions sur mesure, expertise cr\u00e9ative pour donner vie \u00e0 votre vision. Prenez contact d\u00e8s aujourd&#039;hui.\" \/>\n<meta name=\"robots\" content=\"index, follow, max-snippet:-1, max-image-preview:large, max-video-preview:-1\" \/>\n<link rel=\"canonical\" href=\"https:\/\/designlouisgeorgestudio.com\/fr\/contactez-nous\/\" \/>\n<meta property=\"og:locale\" content=\"fr_FR\" \/>\n<meta property=\"og:type\" content=\"article\" \/>\n<meta property=\"og:title\" content=\"Contactez-nous | Studio Design Louis George\" \/>\n<meta property=\"og:description\" content=\"Contactez le Studio Design Louis George. Solutions sur mesure, expertise cr\u00e9ative pour donner vie \u00e0 votre vision. Prenez contact d\u00e8s aujourd&#039;hui.\" \/>\n<meta property=\"og:url\" content=\"https:\/\/designlouisgeorgestudio.com\/fr\/contactez-nous\/\" \/>\n<meta property=\"og:site_name\" content=\"Design Louis George Studio\" \/>\n<meta property=\"article:modified_time\" content=\"2024-01-22T16:40:05+00:00\" \/>\n<meta property=\"og:image\" content=\"https:\/\/designlouisgeorgestudio.com\/wp-content\/uploads\/2024\/01\/consulting-2.png\" \/>\n\t<meta property=\"og:image:width\" content=\"1000\" \/>\n\t<meta property=\"og:image:height\" content=\"950\" \/>\n\t<meta property=\"og:image:type\" content=\"image\/png\" \/>\n<meta name=\"twitter:card\" content=\"summary_large_image\" \/>\n<meta name=\"twitter:title\" content=\"Contactez-nous | Studio Design Louis George\" \/>\n<meta name=\"twitter:description\" content=\"Contactez le Studio Design Louis George. Solutions sur mesure, expertise cr\u00e9ative pour donner vie \u00e0 votre vision. Prenez contact d\u00e8s aujourd&#039;hui.\" \/>\n<meta name=\"twitter:image\" content=\"https:\/\/designlouisgeorgestudio.com\/wp-content\/uploads\/2024\/01\/consulting-2.png\" \/>\n<script type=\"application\/ld+json\" class=\"yoast-schema-graph\">{\"@context\":\"https:\/\/schema.org\",\"@graph\":[{\"@type\":\"WebPage\",\"@id\":\"https:\/\/designlouisgeorgestudio.com\/fr\/contactez-nous\/\",\"url\":\"https:\/\/designlouisgeorgestudio.com\/fr\/contactez-nous\/\",\"name\":\"Contactez-nous | Studio Design Louis George\",\"isPartOf\":{\"@id\":\"https:\/\/designlouisgeorgestudio.com\/fr\/#website\"},\"datePublished\":\"2023-06-22T09:28:13+00:00\",\"dateModified\":\"2024-01-22T16:40:05+00:00\",\"description\":\"Contactez le Studio Design Louis George. Solutions sur mesure, expertise cr\u00e9ative pour donner vie \u00e0 votre vision. Prenez contact d\u00e8s aujourd'hui.\",\"breadcrumb\":{\"@id\":\"https:\/\/designlouisgeorgestudio.com\/fr\/contactez-nous\/#breadcrumb\"},\"inLanguage\":\"fr-FR\",\"potentialAction\":[{\"@type\":\"ReadAction\",\"target\":[\"https:\/\/designlouisgeorgestudio.com\/fr\/contactez-nous\/\"]}]},{\"@type\":\"BreadcrumbList\",\"@id\":\"https:\/\/designlouisgeorgestudio.com\/fr\/contactez-nous\/#breadcrumb\",\"itemListElement\":[{\"@type\":\"ListItem\",\"position\":1,\"name\":\"Home\",\"item\":\"https:\/\/designlouisgeorgestudio.com\/fr\/\"},{\"@type\":\"ListItem\",\"position\":2,\"name\":\"Contactez-nous\"}]},{\"@type\":\"WebSite\",\"@id\":\"https:\/\/designlouisgeorgestudio.com\/fr\/#website\",\"url\":\"https:\/\/designlouisgeorgestudio.com\/fr\/\",\"name\":\"Design Louis George Studio\",\"description\":\"\",\"potentialAction\":[{\"@type\":\"SearchAction\",\"target\":{\"@type\":\"EntryPoint\",\"urlTemplate\":\"https:\/\/designlouisgeorgestudio.com\/fr\/?s={search_term_string}\"},\"query-input\":\"required name=search_term_string\"}],\"inLanguage\":\"fr-FR\"}]}<\/script>\n<!-- \/ Yoast SEO plugin. -->","yoast_head_json":{"title":"Contactez-nous | Studio Design Louis George","description":"Contactez le Studio Design Louis George. Solutions sur mesure, expertise cr\u00e9ative pour donner vie \u00e0 votre vision. Prenez contact d\u00e8s aujourd'hui.","robots":{"index":"index","follow":"follow","max-snippet":"max-snippet:-1","max-image-preview":"max-image-preview:large","max-video-preview":"max-video-preview:-1"},"canonical":"https:\/\/designlouisgeorgestudio.com\/fr\/contactez-nous\/","og_locale":"fr_FR","og_type":"article","og_title":"Contactez-nous | Studio Design Louis George","og_description":"Contactez le Studio Design Louis George. Solutions sur mesure, expertise cr\u00e9ative pour donner vie \u00e0 votre vision. Prenez contact d\u00e8s aujourd'hui.","og_url":"https:\/\/designlouisgeorgestudio.com\/fr\/contactez-nous\/","og_site_name":"Design Louis George Studio","article_modified_time":"2024-01-22T16:40:05+00:00","og_image":[{"width":1000,"height":950,"url":"https:\/\/designlouisgeorgestudio.com\/wp-content\/uploads\/2024\/01\/consulting-2.png","type":"image\/png"}],"twitter_card":"summary_large_image","twitter_title":"Contactez-nous | Studio Design Louis George","twitter_description":"Contactez le Studio Design Louis George. Solutions sur mesure, expertise cr\u00e9ative pour donner vie \u00e0 votre vision. Prenez contact d\u00e8s aujourd'hui.","twitter_image":"https:\/\/designlouisgeorgestudio.com\/wp-content\/uploads\/2024\/01\/consulting-2.png","schema":{"@context":"https:\/\/schema.org","@graph":[{"@type":"WebPage","@id":"https:\/\/designlouisgeorgestudio.com\/fr\/contactez-nous\/","url":"https:\/\/designlouisgeorgestudio.com\/fr\/contactez-nous\/","name":"Contactez-nous | Studio Design Louis George","isPartOf":{"@id":"https:\/\/designlouisgeorgestudio.com\/fr\/#website"},"datePublished":"2023-06-22T09:28:13+00:00","dateModified":"2024-01-22T16:40:05+00:00","description":"Contactez le Studio Design Louis George. Solutions sur mesure, expertise cr\u00e9ative pour donner vie \u00e0 votre vision. Prenez contact d\u00e8s aujourd'hui.","breadcrumb":{"@id":"https:\/\/designlouisgeorgestudio.com\/fr\/contactez-nous\/#breadcrumb"},"inLanguage":"fr-FR","potentialAction":[{"@type":"ReadAction","target":["https:\/\/designlouisgeorgestudio.com\/fr\/contactez-nous\/"]}]},{"@type":"BreadcrumbList","@id":"https:\/\/designlouisgeorgestudio.com\/fr\/contactez-nous\/#breadcrumb","itemListElement":[{"@type":"ListItem","position":1,"name":"Home","item":"https:\/\/designlouisgeorgestudio.com\/fr\/"},{"@type":"ListItem","position":2,"name":"Contactez-nous"}]},{"@type":"WebSite","@id":"https:\/\/designlouisgeorgestudio.com\/fr\/#website","url":"https:\/\/designlouisgeorgestudio.com\/fr\/","name":"Design Louis George Studio","description":"","potentialAction":[{"@type":"SearchAction","target":{"@type":"EntryPoint","urlTemplate":"https:\/\/designlouisgeorgestudio.com\/fr\/?s={search_term_string}"},"query-input":"required name=search_term_string"}],"inLanguage":"fr-FR"}]}},"_links":{"self":[{"href":"https:\/\/designlouisgeorgestudio.com\/fr\/wp-json\/wp\/v2\/pages\/547","targetHints":{"allow":["GET"]}}],"collection":[{"href":"https:\/\/designlouisgeorgestudio.com\/fr\/wp-json\/wp\/v2\/pages"}],"about":[{"href":"https:\/\/designlouisgeorgestudio.com\/fr\/wp-json\/wp\/v2\/types\/page"}],"author":[{"embeddable":true,"href":"https:\/\/designlouisgeorgestudio.com\/fr\/wp-json\/wp\/v2\/users\/2"}],"replies":[{"embeddable":true,"href":"https:\/\/designlouisgeorgestudio.com\/fr\/wp-json\/wp\/v2\/comments?post=547"}],"version-history":[{"count":0,"href":"https:\/\/designlouisgeorgestudio.com\/fr\/wp-json\/wp\/v2\/pages\/547\/revisions"}],"wp:attachment":[{"href":"https:\/\/designlouisgeorgestudio.com\/fr\/wp-json\/wp\/v2\/media?parent=547"}],"curies":[{"name":"wp","href":"https:\/\/api.w.org\/{rel}","templated":true}]}}